{"id":8008,"date":"2021-06-10T16:05:45","date_gmt":"2021-06-10T14:05:45","guid":{"rendered":"https:\/\/relaunch.liap.eu\/?page_id=8008"},"modified":"2021-06-10T16:05:46","modified_gmt":"2021-06-10T14:05:46","slug":"anreise","status":"publish","type":"page","link":"https:\/\/liap.eu\/index.php\/de\/anreise\/","title":{"rendered":"Anreise"},"content":{"rendered":"\n<p>Per Flugzeug Leipzig\/ Halle Flughafen, Taxi zur Spinnerei ca. 50 \u20ac oder weiter per Zug 20 Minuten zum Hauptbahnhof, von dort Taxi ca. 20 \u20ac direkt zur Spinnerei oder mit der Stra\u00dfenbahn Nr. 15 Richtung Militz, Haltestelle Lindenauer Busbahnhof ca. 20 Minuten, n\u00e4chste Stra\u00dfe links, \u00fcber die Br\u00fccke, \u00fcbern\u00e4chste Stra\u00dfe rechts in die Spinnereistra\u00dfe, 100 m, Spinnerei, Halle 18, zweiter Stock rechts. Das LIA befindet sich in einer ehemaligen Baumwollspinnerei. Weitere Informationen unter www.spinnerei.de .<\/p>\n\n\n\t\t\t<div \n\t\t\tclass=\"wp-block-uagb-google-map uagb-google-map__wrap uagb-block-92708e68     \"\n\t\t\tstyle=\"\" >\n\t\t\t\t<embed\n\t\t\t\t\tclass=\"uagb-google-map__iframe\"\n\t\t\t\t\ttitle=\"Google Map for \"\n\t\t\t\t\tsrc=\"https:\/\/maps.google.com\/maps?q=Spinnereistrasse%207&#038;z=15&#038;hl=en&#038;t=m&#038;output=embed&#038;iwloc=near\"\n\t\t\t\t\twidth=\"640\"\n\t\t\t\t\theight=\"300\"\n\t\t\t\t\tloading=\"lazy\"\n\t\t\t\t><\/embed>\n\t\t\t<\/div>\n\t\t\t\n\n\n<p><\/p>\n","protected":false},"excerpt":{"rendered":"<p>Per Flugzeug Leipzig\/ Halle Flughafen, Taxi zur Spinnerei ca. 50 \u20ac oder weiter per Zug 20 Minuten zum Hauptbahnhof, von dort Taxi ca. 20 \u20ac direkt zur Spinnerei oder mit der Stra\u00dfenbahn Nr. 15 Richtung Militz, Haltestelle Lindenauer Busbahnhof ca. 20 Minuten, n\u00e4chste Stra\u00dfe links, \u00fcber die Br\u00fccke, \u00fcbern\u00e4chste Stra\u00dfe rechts in die Spinnereistra\u00dfe, 100&hellip;<\/p>\n","protected":false},"author":4,"featured_media":0,"parent":0,"menu_order":0,"comment_status":"closed","ping_status":"closed","template":"templates\/template-full-width.php","meta":{"om_disable_all_campaigns":false,"_uag_custom_page_level_css":"","footnotes":""},"class_list":["post-8008","page","type-page","status-publish","hentry"],"yoast_head":"<!-- This site is optimized with the Yoast SEO plugin v25.6 - https:\/\/yoast.com\/wordpress\/plugins\/seo\/ -->\n<title>Anreise - LIA<\/title>\n<meta name=\"robots\" content=\"index, follow, max-snippet:-1, max-image-preview:large, max-video-preview:-1\" \/>\n<link rel=\"canonical\" href=\"https:\/\/liap.eu\/index.php\/de\/anreise\/\" \/>\n<meta property=\"og:locale\" content=\"en_GB\" \/>\n<meta property=\"og:type\" content=\"article\" \/>\n<meta property=\"og:title\" content=\"Anreise - LIA\" \/>\n<meta property=\"og:description\" content=\"Per Flugzeug Leipzig\/ Halle Flughafen, Taxi zur Spinnerei ca. 50 \u20ac oder weiter per Zug 20 Minuten zum Hauptbahnhof, von dort Taxi ca. 20 \u20ac direkt zur Spinnerei oder mit der Stra\u00dfenbahn Nr. 15 Richtung Militz, Haltestelle Lindenauer Busbahnhof ca. 20 Minuten, n\u00e4chste Stra\u00dfe links, \u00fcber die Br\u00fccke, \u00fcbern\u00e4chste Stra\u00dfe rechts in die Spinnereistra\u00dfe, 100&hellip;\" \/>\n<meta property=\"og:url\" content=\"https:\/\/liap.eu\/index.php\/de\/anreise\/\" \/>\n<meta property=\"og:site_name\" content=\"LIA\" \/>\n<meta property=\"article:publisher\" content=\"https:\/\/www.facebook.com\/LIAprogramme\" \/>\n<meta property=\"article:modified_time\" content=\"2021-06-10T14:05:46+00:00\" \/>\n<meta name=\"twitter:card\" content=\"summary_large_image\" \/>\n<meta name=\"twitter:label1\" content=\"Estimated reading time\" \/>\n\t<meta name=\"twitter:data1\" content=\"1 minute\" \/>\n<script type=\"application\/ld+json\" class=\"yoast-schema-graph\">{\"@context\":\"https:\/\/schema.org\",\"@graph\":[{\"@type\":\"WebPage\",\"@id\":\"https:\/\/liap.eu\/index.php\/de\/anreise\/\",\"url\":\"https:\/\/liap.eu\/index.php\/de\/anreise\/\",\"name\":\"Anreise - LIA\",\"isPartOf\":{\"@id\":\"https:\/\/liap.eu\/#website\"},\"datePublished\":\"2021-06-10T14:05:45+00:00\",\"dateModified\":\"2021-06-10T14:05:46+00:00\",\"breadcrumb\":{\"@id\":\"https:\/\/liap.eu\/index.php\/de\/anreise\/#breadcrumb\"},\"inLanguage\":\"en-GB\",\"potentialAction\":[{\"@type\":\"ReadAction\",\"target\":[\"https:\/\/liap.eu\/index.php\/de\/anreise\/\"]}]},{\"@type\":\"BreadcrumbList\",\"@id\":\"https:\/\/liap.eu\/index.php\/de\/anreise\/#breadcrumb\",\"itemListElement\":[{\"@type\":\"ListItem\",\"position\":1,\"name\":\"Startseite\",\"item\":\"https:\/\/liap.eu\/index.php\/de\/\"},{\"@type\":\"ListItem\",\"position\":2,\"name\":\"Anreise\"}]},{\"@type\":\"WebSite\",\"@id\":\"https:\/\/liap.eu\/#website\",\"url\":\"https:\/\/liap.eu\/\",\"name\":\"LIA - Leipzig International Art Programme\",\"description\":\"Leipzig International Art Programme\",\"publisher\":{\"@id\":\"https:\/\/liap.eu\/#organization\"},\"potentialAction\":[{\"@type\":\"SearchAction\",\"target\":{\"@type\":\"EntryPoint\",\"urlTemplate\":\"https:\/\/liap.eu\/?s={search_term_string}\"},\"query-input\":{\"@type\":\"PropertyValueSpecification\",\"valueRequired\":true,\"valueName\":\"search_term_string\"}}],\"inLanguage\":\"en-GB\"},{\"@type\":\"Organization\",\"@id\":\"https:\/\/liap.eu\/#organization\",\"name\":\"Leipzig International Art Programme\",\"url\":\"https:\/\/liap.eu\/\",\"logo\":{\"@type\":\"ImageObject\",\"inLanguage\":\"en-GB\",\"@id\":\"https:\/\/liap.eu\/#\/schema\/logo\/image\/\",\"url\":\"https:\/\/liap.eu\/wp-content\/uploads\/2021\/11\/LIAP.jpg\",\"contentUrl\":\"https:\/\/liap.eu\/wp-content\/uploads\/2021\/11\/LIAP.jpg\",\"width\":870,\"height\":140,\"caption\":\"Leipzig International Art Programme\"},\"image\":{\"@id\":\"https:\/\/liap.eu\/#\/schema\/logo\/image\/\"},\"sameAs\":[\"https:\/\/www.facebook.com\/LIAprogramme\",\"https:\/\/www.instagram.com\/lia_programme\/\",\"https:\/\/www.youtube.com\/channel\/UCVp_APjH6wtmApuu5kWgUqA\/videos\"]}]}<\/script>\n<!-- \/ Yoast SEO plugin. -->","yoast_head_json":{"title":"Anreise - LIA","robots":{"index":"index","follow":"follow","max-snippet":"max-snippet:-1","max-image-preview":"max-image-preview:large","max-video-preview":"max-video-preview:-1"},"canonical":"https:\/\/liap.eu\/index.php\/de\/anreise\/","og_locale":"en_GB","og_type":"article","og_title":"Anreise - LIA","og_description":"Per Flugzeug Leipzig\/ Halle Flughafen, Taxi zur Spinnerei ca. 50 \u20ac oder weiter per Zug 20 Minuten zum Hauptbahnhof, von dort Taxi ca. 20 \u20ac direkt zur Spinnerei oder mit der Stra\u00dfenbahn Nr. 15 Richtung Militz, Haltestelle Lindenauer Busbahnhof ca. 20 Minuten, n\u00e4chste Stra\u00dfe links, \u00fcber die Br\u00fccke, \u00fcbern\u00e4chste Stra\u00dfe rechts in die Spinnereistra\u00dfe, 100&hellip;","og_url":"https:\/\/liap.eu\/index.php\/de\/anreise\/","og_site_name":"LIA","article_publisher":"https:\/\/www.facebook.com\/LIAprogramme","article_modified_time":"2021-06-10T14:05:46+00:00","twitter_card":"summary_large_image","twitter_misc":{"Estimated reading time":"1 minute"},"schema":{"@context":"https:\/\/schema.org","@graph":[{"@type":"WebPage","@id":"https:\/\/liap.eu\/index.php\/de\/anreise\/","url":"https:\/\/liap.eu\/index.php\/de\/anreise\/","name":"Anreise - LIA","isPartOf":{"@id":"https:\/\/liap.eu\/#website"},"datePublished":"2021-06-10T14:05:45+00:00","dateModified":"2021-06-10T14:05:46+00:00","breadcrumb":{"@id":"https:\/\/liap.eu\/index.php\/de\/anreise\/#breadcrumb"},"inLanguage":"en-GB","potentialAction":[{"@type":"ReadAction","target":["https:\/\/liap.eu\/index.php\/de\/anreise\/"]}]},{"@type":"BreadcrumbList","@id":"https:\/\/liap.eu\/index.php\/de\/anreise\/#breadcrumb","itemListElement":[{"@type":"ListItem","position":1,"name":"Startseite","item":"https:\/\/liap.eu\/index.php\/de\/"},{"@type":"ListItem","position":2,"name":"Anreise"}]},{"@type":"WebSite","@id":"https:\/\/liap.eu\/#website","url":"https:\/\/liap.eu\/","name":"LIA - Leipzig International Art Programme","description":"Leipzig International Art Programme","publisher":{"@id":"https:\/\/liap.eu\/#organization"},"potentialAction":[{"@type":"SearchAction","target":{"@type":"EntryPoint","urlTemplate":"https:\/\/liap.eu\/?s={search_term_string}"},"query-input":{"@type":"PropertyValueSpecification","valueRequired":true,"valueName":"search_term_string"}}],"inLanguage":"en-GB"},{"@type":"Organization","@id":"https:\/\/liap.eu\/#organization","name":"Leipzig International Art Programme","url":"https:\/\/liap.eu\/","logo":{"@type":"ImageObject","inLanguage":"en-GB","@id":"https:\/\/liap.eu\/#\/schema\/logo\/image\/","url":"https:\/\/liap.eu\/wp-content\/uploads\/2021\/11\/LIAP.jpg","contentUrl":"https:\/\/liap.eu\/wp-content\/uploads\/2021\/11\/LIAP.jpg","width":870,"height":140,"caption":"Leipzig International Art Programme"},"image":{"@id":"https:\/\/liap.eu\/#\/schema\/logo\/image\/"},"sameAs":["https:\/\/www.facebook.com\/LIAprogramme","https:\/\/www.instagram.com\/lia_programme\/","https:\/\/www.youtube.com\/channel\/UCVp_APjH6wtmApuu5kWgUqA\/videos"]}]}},"uagb_featured_image_src":{"full":false,"thumbnail":false,"medium":false,"medium_large":false,"large":false,"1536x1536":false,"2048x2048":false,"post-thumbnail":false,"twentytwenty-fullscreen":false},"uagb_author_info":{"display_name":"LIA","author_link":"https:\/\/liap.eu\/index.php\/author\/bierau\/"},"uagb_comment_info":0,"uagb_excerpt":"Per Flugzeug Leipzig\/ Halle Flughafen, Taxi zur Spinnerei ca. 50 \u20ac oder weiter per Zug 20 Minuten zum Hauptbahnhof, von dort Taxi ca. 20 \u20ac direkt zur Spinnerei oder mit der Stra\u00dfenbahn Nr. 15 Richtung Militz, Haltestelle Lindenauer Busbahnhof ca. 20 Minuten, n\u00e4chste Stra\u00dfe links, \u00fcber die Br\u00fccke, \u00fcbern\u00e4chste Stra\u00dfe rechts in die Spinnereistra\u00dfe, 100&hellip;","_links":{"self":[{"href":"https:\/\/liap.eu\/index.php\/wp-json\/wp\/v2\/pages\/8008"}],"collection":[{"href":"https:\/\/liap.eu\/index.php\/wp-json\/wp\/v2\/pages"}],"about":[{"href":"https:\/\/liap.eu\/index.php\/wp-json\/wp\/v2\/types\/page"}],"author":[{"embeddable":true,"href":"https:\/\/liap.eu\/index.php\/wp-json\/wp\/v2\/users\/4"}],"replies":[{"embeddable":true,"href":"https:\/\/liap.eu\/index.php\/wp-json\/wp\/v2\/comments?post=8008"}],"version-history":[{"count":1,"href":"https:\/\/liap.eu\/index.php\/wp-json\/wp\/v2\/pages\/8008\/revisions"}],"predecessor-version":[{"id":8009,"href":"https:\/\/liap.eu\/index.php\/wp-json\/wp\/v2\/pages\/8008\/revisions\/8009"}],"wp:attachment":[{"href":"https:\/\/liap.eu\/index.php\/wp-json\/wp\/v2\/media?parent=8008"}],"curies":[{"name":"wp","href":"https:\/\/api.w.org\/{rel}","templated":true}]}}