{"id":8205,"date":"2021-07-29T17:10:03","date_gmt":"2021-07-29T15:10:03","guid":{"rendered":"https:\/\/relaunch.liap.eu\/?page_id=8205"},"modified":"2025-03-13T11:22:12","modified_gmt":"2025-03-13T10:22:12","slug":"mitarbeiter-2","status":"publish","type":"page","link":"https:\/\/liap.eu\/index.php\/de\/mitarbeiter-2\/","title":{"rendered":"Mitarbeiter"},"content":{"rendered":"\n<div class=\"wp-block-getwid-section alignfull alignfull getwid-section-content-custom-width\"><div class=\"wp-block-getwid-section__wrapper getwid-padding-top-large getwid-padding-bottom-large getwid-padding-left-medium getwid-padding-right-medium\"><div class=\"wp-block-getwid-section__inner-wrapper\" style=\"max-width:1140px\"><div class=\"wp-block-getwid-section__background-holder\"><div class=\"wp-block-getwid-section__background\"><\/div><div class=\"wp-block-getwid-section__foreground\"><\/div><\/div><div class=\"wp-block-getwid-section__content\"><div class=\"wp-block-getwid-section__inner-content\">\n<div class=\"wp-block-columns has-4-columns is-layout-flex wp-container-core-columns-is-layout-1 wp-block-columns-is-layout-flex\">\n<div class=\"wp-block-column is-layout-flow wp-block-column-is-layout-flow\">\n<div class=\"wp-block-getwid-person is-image-cropped\"><div class=\"wp-block-getwid-person__image\"><img loading=\"lazy\" decoding=\"async\" width=\"2560\" height=\"1700\" src=\"https:\/\/liap.eu\/wp-content\/uploads\/2021\/08\/Anna_Louise_Kratzsch-2-scaled.jpg\" class=\"wp-image-8387\" srcset=\"https:\/\/liap.eu\/wp-content\/uploads\/2021\/08\/Anna_Louise_Kratzsch-2-scaled.jpg 2560w, https:\/\/liap.eu\/wp-content\/uploads\/2021\/08\/Anna_Louise_Kratzsch-2-300x199.jpg 300w, https:\/\/liap.eu\/wp-content\/uploads\/2021\/08\/Anna_Louise_Kratzsch-2-1024x680.jpg 1024w, https:\/\/liap.eu\/wp-content\/uploads\/2021\/08\/Anna_Louise_Kratzsch-2-768x510.jpg 768w, https:\/\/liap.eu\/wp-content\/uploads\/2021\/08\/Anna_Louise_Kratzsch-2-1536x1020.jpg 1536w, https:\/\/liap.eu\/wp-content\/uploads\/2021\/08\/Anna_Louise_Kratzsch-2-2048x1360.jpg 2048w, https:\/\/liap.eu\/wp-content\/uploads\/2021\/08\/Anna_Louise_Kratzsch-2-1200x797.jpg 1200w, https:\/\/liap.eu\/wp-content\/uploads\/2021\/08\/Anna_Louise_Kratzsch-2-1980x1315.jpg 1980w\" sizes=\"(max-width: 2560px) 100vw, 2560px\" \/><\/div><div class=\"wp-block-getwid-person__content-wrapper\"><span class=\"wp-block-getwid-person__title\">Anna-Louise Rolland<\/span><span class=\"wp-block-getwid-person__subtitle\"> Gesch\u00e4ftsf\u00fchrerin<br>anna@liap.eu <\/span>\n<div class=\"wp-block-getwid-social-links has-large-spacing\"><ul class=\"wp-block-getwid-social-links__list getwid-justify-content-center\"><\/ul><\/div>\n<\/div><\/div>\n<\/div>\n\n\n\n<div class=\"wp-block-column is-layout-flow wp-block-column-is-layout-flow\">\n<div class=\"wp-block-getwid-person is-image-cropped\"><div class=\"wp-block-getwid-person__image\"><img loading=\"lazy\" decoding=\"async\" width=\"640\" height=\"427\" src=\"https:\/\/liap.eu\/wp-content\/uploads\/2021\/08\/IMG_0195.jpeg\" class=\"wp-image-8711\" srcset=\"https:\/\/liap.eu\/wp-content\/uploads\/2021\/08\/IMG_0195.jpeg 640w, https:\/\/liap.eu\/wp-content\/uploads\/2021\/08\/IMG_0195-300x200.jpeg 300w\" sizes=\"(max-width: 640px) 100vw, 640px\" \/><\/div><div class=\"wp-block-getwid-person__content-wrapper\"><span class=\"wp-block-getwid-person__title\">Marina D\u00edaz Molina<\/span><span class=\"wp-block-getwid-person__subtitle\">Programmkoordinatorin<br>marina.diaz@liap.eu<\/span>\n<div class=\"wp-block-getwid-social-links has-large-spacing\"><ul class=\"wp-block-getwid-social-links__list getwid-justify-content-center\"><\/ul><\/div>\n<\/div><\/div>\n<\/div>\n\n\n\n<div class=\"wp-block-column is-layout-flow wp-block-column-is-layout-flow\">\n<div class=\"wp-block-getwid-person is-image-cropped\"><div class=\"wp-block-getwid-person__image\"><img loading=\"lazy\" decoding=\"async\" width=\"1534\" height=\"1534\" src=\"https:\/\/liap.eu\/wp-content\/uploads\/2025\/03\/IMG_0998-4.jpeg\" class=\"wp-image-12122\" srcset=\"https:\/\/liap.eu\/wp-content\/uploads\/2025\/03\/IMG_0998-4.jpeg 1534w, https:\/\/liap.eu\/wp-content\/uploads\/2025\/03\/IMG_0998-4-768x768.jpeg 768w, https:\/\/liap.eu\/wp-content\/uploads\/2025\/03\/IMG_0998-4-1200x1200.jpeg 1200w\" sizes=\"(max-width: 1534px) 100vw, 1534px\" \/><\/div><div class=\"wp-block-getwid-person__content-wrapper\"><span class=\"wp-block-getwid-person__title\">Sophie L\u00f6ser<\/span><span class=\"wp-block-getwid-person__subtitle\">Assistent<br>assistent@liap.eu<\/span>\n<div class=\"wp-block-getwid-social-links has-large-spacing\"><ul class=\"wp-block-getwid-social-links__list getwid-justify-content-center\"><\/ul><\/div>\n<\/div><\/div>\n<\/div>\n<\/div>\n\n\n\n<h2 class=\"wp-block-heading\">About the team<\/h2>\n\n\n\n<h6 class=\"wp-block-heading\">Anna-Louise Rolland &#8211; <strong>Gesch\u00e4ftsf\u00fchrerin, Gr\u00fcnderin, Kuratorin<\/strong>  <\/h6>\n\n\n\n<p>Anna-Louise Rolland wurde 1980 auf der Insel R\u00fcgen in Norddeutschland geboren. Sie lebte f\u00fcr ein Jahr 1997\/98 in den USA (Cincinnati) sowie in Spanien (Madrid) 2000\/2001 und erfuhr eine breite k\u00fcnstlerische Erziehung in der bildenden Kunst und der Musik bis sie an der Universit\u00e4t Leipzig das Studium der Kunstgeschichte und Kulturwissenschaften im Jahr 2002 begann. Im selben Jahr wurde sie Stipendiatin eines bundesstaatlichen Stipendienprogramms (Evangelisches Studienwerk Villigst e.V.) f\u00fcr die gesamte Dauer ihres Studiums. Im Jahr 2004 kuratierte u.a. Frau Rolland ihre erste Gruppenausstellung in der Galerie Eigen &amp; Art und verbrachte 7 Monate in New York City, wo sie zwei Praktika am ISCP (International Studio und kuratorische Programm) und dem Brooklyn Museum of Art absolvierte. Als sie nach Leipzig zur\u00fcckkehrte, unterst\u00fctzte sie zun\u00e4chst die kulturpolitische Platform \u201eKulturpolitischer Salon\u201c sowie die Stiftung Federkiel (heute Halle 14 e.V.) auf der Baumwollspinnerei. Im Juli 2006 schloss sie ihr Studium mit einem Master in \u201ePost-Communist Studies in Contemporary Art\u201c am Courtauld Institute of Art in London ab. Zudem belegte sie einen halbj\u00e4hrigen&nbsp;Mandarinkurs in Peking und machte ein Praktikum am&nbsp;dortigen Goethe-Institut 2006\/07. Im selben Jahr absolvierte sie ihren&nbsp;Master in Kulturwissenschaften an der Universit\u00e4t Leipzig und gr\u00fcndete das LIA \u2013 Leipzig International Art Programme, eine gemeinn\u00fctzige Institution und K\u00fcnstlerresidenz, mit dem Ziel zeitgen\u00f6ssische Kunst und Kultur in Leipzig zu f\u00f6rdern und zu vermitteln. Das Programm startete mit einer&nbsp;Ausstellung in Zusammenarbeit mit der Japan Foundation&nbsp;und der Japanischen Botschaft Berlin. Seitdem nahm Sie \u00fcber hundertf\u00fcnfzig K\u00fcnstler aus 40 L\u00e4ndern im LIA auf und kuratierte Ausstellungen in Leipzig, Berlin (Caps Lock Projekte, LIA`s tempor\u00e4rerer Projektraum 2010), New York City (Leipzig Calling, Ausstellung in der New York Academy of Art 2009), Paris (Leipzig-Heldenstadt?, Goethe-Institut 2014), Marseille und Lyon (Leipzig-Heldenstadt?, Goethe-Institut 2015), Madrid (Ikonisch \u2013 Das Bild als Referenz, Medienkunst und Fotografie Lateinamerikas und Deutschlands, Goethe-Institut\/ PhotoEspa\u00f1a 2015) sowie Leipzig (Paradigma Blickwechsel, in Kooperation mit Elke Pietsch im Tapetenwerk 2015).<\/p>\n<\/div><\/div><\/div><\/div><\/div>\n","protected":false},"excerpt":{"rendered":"","protected":false},"author":4,"featured_media":0,"parent":0,"menu_order":0,"comment_status":"closed","ping_status":"closed","template":"templates\/template-full-width.php","meta":{"om_disable_all_campaigns":false,"_uag_custom_page_level_css":"","footnotes":""},"class_list":["post-8205","page","type-page","status-publish","hentry"],"yoast_head":"<!-- This site is optimized with the Yoast SEO plugin v25.6 - https:\/\/yoast.com\/wordpress\/plugins\/seo\/ -->\n<title>Mitarbeiter - LIA<\/title>\n<meta name=\"robots\" content=\"index, follow, max-snippet:-1, max-image-preview:large, max-video-preview:-1\" \/>\n<link rel=\"canonical\" href=\"https:\/\/liap.eu\/index.php\/de\/mitarbeiter-2\/\" \/>\n<meta property=\"og:locale\" content=\"en_GB\" \/>\n<meta property=\"og:type\" content=\"article\" \/>\n<meta property=\"og:title\" content=\"Mitarbeiter - LIA\" \/>\n<meta property=\"og:url\" content=\"https:\/\/liap.eu\/index.php\/de\/mitarbeiter-2\/\" \/>\n<meta property=\"og:site_name\" content=\"LIA\" \/>\n<meta property=\"article:publisher\" content=\"https:\/\/www.facebook.com\/LIAprogramme\" \/>\n<meta property=\"article:modified_time\" content=\"2025-03-13T10:22:12+00:00\" \/>\n<meta property=\"og:image\" content=\"https:\/\/liap.eu\/wp-content\/uploads\/2021\/08\/Anna_Louise_Kratzsch-2-scaled.jpg\" \/>\n\t<meta property=\"og:image:width\" content=\"2560\" \/>\n\t<meta property=\"og:image:height\" content=\"1700\" \/>\n\t<meta property=\"og:image:type\" content=\"image\/jpeg\" \/>\n<meta name=\"twitter:card\" content=\"summary_large_image\" \/>\n<meta name=\"twitter:label1\" content=\"Estimated reading time\" \/>\n\t<meta name=\"twitter:data1\" content=\"3 minutes\" \/>\n<script type=\"application\/ld+json\" class=\"yoast-schema-graph\">{\"@context\":\"https:\/\/schema.org\",\"@graph\":[{\"@type\":\"WebPage\",\"@id\":\"https:\/\/liap.eu\/index.php\/de\/mitarbeiter-2\/\",\"url\":\"https:\/\/liap.eu\/index.php\/de\/mitarbeiter-2\/\",\"name\":\"Mitarbeiter - LIA\",\"isPartOf\":{\"@id\":\"https:\/\/liap.eu\/#website\"},\"primaryImageOfPage\":{\"@id\":\"https:\/\/liap.eu\/index.php\/de\/mitarbeiter-2\/#primaryimage\"},\"image\":{\"@id\":\"https:\/\/liap.eu\/index.php\/de\/mitarbeiter-2\/#primaryimage\"},\"thumbnailUrl\":\"https:\/\/liap.eu\/wp-content\/uploads\/2021\/08\/Anna_Louise_Kratzsch-2-scaled.jpg\",\"datePublished\":\"2021-07-29T15:10:03+00:00\",\"dateModified\":\"2025-03-13T10:22:12+00:00\",\"breadcrumb\":{\"@id\":\"https:\/\/liap.eu\/index.php\/de\/mitarbeiter-2\/#breadcrumb\"},\"inLanguage\":\"en-GB\",\"potentialAction\":[{\"@type\":\"ReadAction\",\"target\":[\"https:\/\/liap.eu\/index.php\/de\/mitarbeiter-2\/\"]}]},{\"@type\":\"ImageObject\",\"inLanguage\":\"en-GB\",\"@id\":\"https:\/\/liap.eu\/index.php\/de\/mitarbeiter-2\/#primaryimage\",\"url\":\"https:\/\/liap.eu\/wp-content\/uploads\/2021\/08\/Anna_Louise_Kratzsch-2-scaled.jpg\",\"contentUrl\":\"https:\/\/liap.eu\/wp-content\/uploads\/2021\/08\/Anna_Louise_Kratzsch-2-scaled.jpg\",\"width\":2560,\"height\":1700},{\"@type\":\"BreadcrumbList\",\"@id\":\"https:\/\/liap.eu\/index.php\/de\/mitarbeiter-2\/#breadcrumb\",\"itemListElement\":[{\"@type\":\"ListItem\",\"position\":1,\"name\":\"Startseite\",\"item\":\"https:\/\/liap.eu\/index.php\/de\/\"},{\"@type\":\"ListItem\",\"position\":2,\"name\":\"Mitarbeiter\"}]},{\"@type\":\"WebSite\",\"@id\":\"https:\/\/liap.eu\/#website\",\"url\":\"https:\/\/liap.eu\/\",\"name\":\"LIA - Leipzig International Art Programme\",\"description\":\"Leipzig International Art Programme\",\"publisher\":{\"@id\":\"https:\/\/liap.eu\/#organization\"},\"potentialAction\":[{\"@type\":\"SearchAction\",\"target\":{\"@type\":\"EntryPoint\",\"urlTemplate\":\"https:\/\/liap.eu\/?s={search_term_string}\"},\"query-input\":{\"@type\":\"PropertyValueSpecification\",\"valueRequired\":true,\"valueName\":\"search_term_string\"}}],\"inLanguage\":\"en-GB\"},{\"@type\":\"Organization\",\"@id\":\"https:\/\/liap.eu\/#organization\",\"name\":\"Leipzig International Art Programme\",\"url\":\"https:\/\/liap.eu\/\",\"logo\":{\"@type\":\"ImageObject\",\"inLanguage\":\"en-GB\",\"@id\":\"https:\/\/liap.eu\/#\/schema\/logo\/image\/\",\"url\":\"https:\/\/liap.eu\/wp-content\/uploads\/2021\/11\/LIAP.jpg\",\"contentUrl\":\"https:\/\/liap.eu\/wp-content\/uploads\/2021\/11\/LIAP.jpg\",\"width\":870,\"height\":140,\"caption\":\"Leipzig International Art Programme\"},\"image\":{\"@id\":\"https:\/\/liap.eu\/#\/schema\/logo\/image\/\"},\"sameAs\":[\"https:\/\/www.facebook.com\/LIAprogramme\",\"https:\/\/www.instagram.com\/lia_programme\/\",\"https:\/\/www.youtube.com\/channel\/UCVp_APjH6wtmApuu5kWgUqA\/videos\"]}]}<\/script>\n<!-- \/ Yoast SEO plugin. -->","yoast_head_json":{"title":"Mitarbeiter - LIA","robots":{"index":"index","follow":"follow","max-snippet":"max-snippet:-1","max-image-preview":"max-image-preview:large","max-video-preview":"max-video-preview:-1"},"canonical":"https:\/\/liap.eu\/index.php\/de\/mitarbeiter-2\/","og_locale":"en_GB","og_type":"article","og_title":"Mitarbeiter - LIA","og_url":"https:\/\/liap.eu\/index.php\/de\/mitarbeiter-2\/","og_site_name":"LIA","article_publisher":"https:\/\/www.facebook.com\/LIAprogramme","article_modified_time":"2025-03-13T10:22:12+00:00","og_image":[{"width":2560,"height":1700,"url":"https:\/\/liap.eu\/wp-content\/uploads\/2021\/08\/Anna_Louise_Kratzsch-2-scaled.jpg","type":"image\/jpeg"}],"twitter_card":"summary_large_image","twitter_misc":{"Estimated reading time":"3 minutes"},"schema":{"@context":"https:\/\/schema.org","@graph":[{"@type":"WebPage","@id":"https:\/\/liap.eu\/index.php\/de\/mitarbeiter-2\/","url":"https:\/\/liap.eu\/index.php\/de\/mitarbeiter-2\/","name":"Mitarbeiter - LIA","isPartOf":{"@id":"https:\/\/liap.eu\/#website"},"primaryImageOfPage":{"@id":"https:\/\/liap.eu\/index.php\/de\/mitarbeiter-2\/#primaryimage"},"image":{"@id":"https:\/\/liap.eu\/index.php\/de\/mitarbeiter-2\/#primaryimage"},"thumbnailUrl":"https:\/\/liap.eu\/wp-content\/uploads\/2021\/08\/Anna_Louise_Kratzsch-2-scaled.jpg","datePublished":"2021-07-29T15:10:03+00:00","dateModified":"2025-03-13T10:22:12+00:00","breadcrumb":{"@id":"https:\/\/liap.eu\/index.php\/de\/mitarbeiter-2\/#breadcrumb"},"inLanguage":"en-GB","potentialAction":[{"@type":"ReadAction","target":["https:\/\/liap.eu\/index.php\/de\/mitarbeiter-2\/"]}]},{"@type":"ImageObject","inLanguage":"en-GB","@id":"https:\/\/liap.eu\/index.php\/de\/mitarbeiter-2\/#primaryimage","url":"https:\/\/liap.eu\/wp-content\/uploads\/2021\/08\/Anna_Louise_Kratzsch-2-scaled.jpg","contentUrl":"https:\/\/liap.eu\/wp-content\/uploads\/2021\/08\/Anna_Louise_Kratzsch-2-scaled.jpg","width":2560,"height":1700},{"@type":"BreadcrumbList","@id":"https:\/\/liap.eu\/index.php\/de\/mitarbeiter-2\/#breadcrumb","itemListElement":[{"@type":"ListItem","position":1,"name":"Startseite","item":"https:\/\/liap.eu\/index.php\/de\/"},{"@type":"ListItem","position":2,"name":"Mitarbeiter"}]},{"@type":"WebSite","@id":"https:\/\/liap.eu\/#website","url":"https:\/\/liap.eu\/","name":"LIA - Leipzig International Art Programme","description":"Leipzig International Art Programme","publisher":{"@id":"https:\/\/liap.eu\/#organization"},"potentialAction":[{"@type":"SearchAction","target":{"@type":"EntryPoint","urlTemplate":"https:\/\/liap.eu\/?s={search_term_string}"},"query-input":{"@type":"PropertyValueSpecification","valueRequired":true,"valueName":"search_term_string"}}],"inLanguage":"en-GB"},{"@type":"Organization","@id":"https:\/\/liap.eu\/#organization","name":"Leipzig International Art Programme","url":"https:\/\/liap.eu\/","logo":{"@type":"ImageObject","inLanguage":"en-GB","@id":"https:\/\/liap.eu\/#\/schema\/logo\/image\/","url":"https:\/\/liap.eu\/wp-content\/uploads\/2021\/11\/LIAP.jpg","contentUrl":"https:\/\/liap.eu\/wp-content\/uploads\/2021\/11\/LIAP.jpg","width":870,"height":140,"caption":"Leipzig International Art Programme"},"image":{"@id":"https:\/\/liap.eu\/#\/schema\/logo\/image\/"},"sameAs":["https:\/\/www.facebook.com\/LIAprogramme","https:\/\/www.instagram.com\/lia_programme\/","https:\/\/www.youtube.com\/channel\/UCVp_APjH6wtmApuu5kWgUqA\/videos"]}]}},"uagb_featured_image_src":{"full":false,"thumbnail":false,"medium":false,"medium_large":false,"large":false,"1536x1536":false,"2048x2048":false,"post-thumbnail":false,"twentytwenty-fullscreen":false},"uagb_author_info":{"display_name":"LIA","author_link":"https:\/\/liap.eu\/index.php\/author\/bierau\/"},"uagb_comment_info":0,"uagb_excerpt":null,"_links":{"self":[{"href":"https:\/\/liap.eu\/index.php\/wp-json\/wp\/v2\/pages\/8205"}],"collection":[{"href":"https:\/\/liap.eu\/index.php\/wp-json\/wp\/v2\/pages"}],"about":[{"href":"https:\/\/liap.eu\/index.php\/wp-json\/wp\/v2\/types\/page"}],"author":[{"embeddable":true,"href":"https:\/\/liap.eu\/index.php\/wp-json\/wp\/v2\/users\/4"}],"replies":[{"embeddable":true,"href":"https:\/\/liap.eu\/index.php\/wp-json\/wp\/v2\/comments?post=8205"}],"version-history":[{"count":11,"href":"https:\/\/liap.eu\/index.php\/wp-json\/wp\/v2\/pages\/8205\/revisions"}],"predecessor-version":[{"id":12127,"href":"https:\/\/liap.eu\/index.php\/wp-json\/wp\/v2\/pages\/8205\/revisions\/12127"}],"wp:attachment":[{"href":"https:\/\/liap.eu\/index.php\/wp-json\/wp\/v2\/media?parent=8205"}],"curies":[{"name":"wp","href":"https:\/\/api.w.org\/{rel}","templated":true}]}}